{"id":124,"date":"2018-08-23T09:03:23","date_gmt":"2018-08-23T07:03:23","guid":{"rendered":"https:\/\/www.geopark-kaolinrevier.de\/cz\/?page_id=124"},"modified":"2018-08-23T15:00:20","modified_gmt":"2018-08-23T13:00:20","slug":"station-3-renaturace-malych-vodnich-toku-druhotny-biotop","status":"publish","type":"page","link":"https:\/\/www.geopark-kaolinrevier.de\/cz\/station-3-renaturace-malych-vodnich-toku-druhotny-biotop\/","title":{"rendered":"Station 3 &#8211; Renaturace mal\u00fdch vodn\u00edch tok\u016f. Druhotn\u00fd biotop"},"content":{"rendered":"<p style=\"text-align: center;\"><a href=\"https:\/\/www.geopark-kaolinrevier.de\/cz\/station-2-stanice-mereni-spodni-vody\/\">&lt;&lt; Station 2<\/a> | <a href=\"https:\/\/www.geopark-kaolinrevier.de\/cz\/prumysl-stezka\/\">Zp\u011bt na\u00a0Pr\u016fmysl stezka<\/a> | <a href=\"https:\/\/www.geopark-kaolinrevier.de\/cz\/station-4-les-dobyvani-rudy-v-praveku-a-ranem-novoveku-a-zhutnovani-zeleza-ve-vychodnim-bavorsku\/\">Station 4\u00a0 &gt;&gt;<\/a><\/p>\n<p><img loading=\"lazy\" decoding=\"async\" class=\"alignnone wp-image-169\" src=\"https:\/\/www.geopark-kaolinrevier.de\/cz\/wp-content\/uploads\/sites\/3\/2018\/08\/03-06g.jpg\" alt=\"\" width=\"134\" height=\"200\" srcset=\"https:\/\/www.geopark-kaolinrevier.de\/cz\/wp-content\/uploads\/sites\/3\/2018\/08\/03-06g.jpg 534w, https:\/\/www.geopark-kaolinrevier.de\/cz\/wp-content\/uploads\/sites\/3\/2018\/08\/03-06g-200x300.jpg 200w\" sizes=\"auto, (max-width: 134px) 100vw, 134px\" \/>\u00a0<img loading=\"lazy\" decoding=\"async\" class=\"alignnone wp-image-168\" src=\"https:\/\/www.geopark-kaolinrevier.de\/cz\/wp-content\/uploads\/sites\/3\/2018\/08\/03-04g.jpg\" alt=\"\" width=\"307\" height=\"200\" srcset=\"https:\/\/www.geopark-kaolinrevier.de\/cz\/wp-content\/uploads\/sites\/3\/2018\/08\/03-04g.jpg 800w, https:\/\/www.geopark-kaolinrevier.de\/cz\/wp-content\/uploads\/sites\/3\/2018\/08\/03-04g-300x195.jpg 300w, https:\/\/www.geopark-kaolinrevier.de\/cz\/wp-content\/uploads\/sites\/3\/2018\/08\/03-04g-768x500.jpg 768w\" sizes=\"auto, (max-width: 307px) 100vw, 307px\" \/><\/p>\n<p><span class=\"blue_bold\"><strong>Renaturace mal\u00fdch vodn\u00edch tok\u016f<\/strong><br \/>\n<\/span> <span class=\"green\" style=\"color: #29a63f;\">Renaturac\u00ed <\/span>je ch\u00e1p\u00e1na obnova p\u0159irozen\u00fdch p\u0159\u00edrodn\u00edch \u017eivotn\u00edch prostor\u016f.<span style=\"color: #29a63f;\"><span class=\"green\"> Rekultivac<\/span>\u00ed<\/span> se rozum\u00ed obnova \u00fazem\u00ed zni\u010den\u00e9ho z\u00e1sahem lid\u00ed a vytvo\u0159en\u00ed nov\u00e9 kulturn\u00ed krajiny.<\/p>\n<p>H\u0159bet poho\u0159\u00ed Naabgebirge, rozprost\u00edraj\u00edc\u00ed se na jihu kaol\u00ednov\u00e9ho rev\u00edru, odvod\u0148uje toto \u00fazem\u00ed mal\u00fdmi \u0159\u00ed\u010dn\u00edmi toky severov\u00fdchodn\u00edm sm\u011brem do potoka Ehenbach. Proto\u017ee ale Ehenbach jako odvod\u0148ovac\u00ed potok te\u010de severn\u011b od lomu, je p\u0159irozen\u00e9 spojen\u00ed v d\u016fsledku t\u011b\u017eby p\u0159eru\u0161eno, co\u017e m\u00e1 zna\u010dn\u00fd dopad na \u00fa\u010dinnost \u0159\u00ed\u010dn\u00edch tok\u016f. Proto je t\u0159eba zm\u00edrnit tento nep\u0159\u00edzniv\u00fd dopad renaturac\u00ed.<\/p>\n<h6 class=\"bu_black\"><img loading=\"lazy\" decoding=\"async\" class=\"alignnone size-large wp-image-166\" src=\"https:\/\/www.geopark-kaolinrevier.de\/cz\/wp-content\/uploads\/sites\/3\/2018\/08\/03_01_b-1024x532.jpg\" alt=\"\" width=\"800\" height=\"416\" srcset=\"https:\/\/www.geopark-kaolinrevier.de\/cz\/wp-content\/uploads\/sites\/3\/2018\/08\/03_01_b-1024x532.jpg 1024w, https:\/\/www.geopark-kaolinrevier.de\/cz\/wp-content\/uploads\/sites\/3\/2018\/08\/03_01_b-300x156.jpg 300w, https:\/\/www.geopark-kaolinrevier.de\/cz\/wp-content\/uploads\/sites\/3\/2018\/08\/03_01_b-768x399.jpg 768w, https:\/\/www.geopark-kaolinrevier.de\/cz\/wp-content\/uploads\/sites\/3\/2018\/08\/03_01_b.jpg 1200w\" sizes=\"auto, (max-width: 800px) 100vw, 800px\" \/><span class=\"bu_green\" style=\"color: #29a63f;\">Norimbersk\u00e1 silnice<\/span> s lokalitami Hirschau a Schnaittenbach na map\u011b z roku 1769. V\u00fd\u0159ez mapy ukazuje stav p\u0159ed zalo\u017een\u00edm povrchov\u00e9ho dolu.<\/h6>\n<p class=\"blue_bold\"><strong>Pr\u016fb\u011bh potoka Weitzendorfer Bach a jeho vy\u00fast\u011bn\u00ed do potoka Ehenbach <\/strong><\/p>\n<h6 class=\"bu_black\"><img loading=\"lazy\" decoding=\"async\" class=\"alignnone size-large wp-image-167\" src=\"https:\/\/www.geopark-kaolinrevier.de\/cz\/wp-content\/uploads\/sites\/3\/2018\/08\/03_02_b-1024x933.jpg\" alt=\"\" width=\"800\" height=\"729\" srcset=\"https:\/\/www.geopark-kaolinrevier.de\/cz\/wp-content\/uploads\/sites\/3\/2018\/08\/03_02_b-1024x933.jpg 1024w, https:\/\/www.geopark-kaolinrevier.de\/cz\/wp-content\/uploads\/sites\/3\/2018\/08\/03_02_b-300x273.jpg 300w, https:\/\/www.geopark-kaolinrevier.de\/cz\/wp-content\/uploads\/sites\/3\/2018\/08\/03_02_b-768x700.jpg 768w, https:\/\/www.geopark-kaolinrevier.de\/cz\/wp-content\/uploads\/sites\/3\/2018\/08\/03_02_b.jpg 1200w\" sizes=\"auto, (max-width: 800px) 100vw, 800px\" \/>Modr\u00e1 a zelen\u00e1: p\u016fvodn\u00ed pr\u016fb\u011bh<br \/>\n\u010cerven\u00e1: dne\u0161n\u00ed obj\u00ed\u017e\u010fka<\/h6>\n<p><span class=\"blue_bold\"><strong>Druhotn\u00fd biotop<\/strong><br \/>\n<\/span> Vyu\u017e\u00edv\u00e1n\u00edm surovin se od roku 1833 vyt\u011b\u017eilo ohromn\u00e9 mno\u017estv\u00ed k\u0159emene, \u017eivce a kaol\u00ednu. Tento zna\u010dn\u00fd \u00fabytek ji\u017e nelze vyrovnat. P\u016fvodn\u00ed kulturn\u00ed krajina zmizela a vytvo\u0159il se druhotn\u00fd biotop.<\/p>\n<p>Druhotn\u00e9 biotopy mohou v z\u00e1sad\u011b vznikat v\u0161ude tam, kde \u010dlov\u011bk sv\u00fdm hospoda\u0159en\u00edm a jedn\u00e1n\u00edm zm\u011bn\u00ed zemsk\u00fd povrch a pot\u00e9 jej p\u0159enech\u00e1 voln\u00e9mu v\u00fdvoji. Obzvl\u00e1\u0161t\u011b to plat\u00ed pro t\u011b\u017ebu surovin na vrchu Hirschau &#8211; Schnaittenbach.<\/p>\n<p>V rozs\u00e1hl\u00fdch dolech vznikaj\u00ed u\u017e v pr\u016fb\u011bhu t\u011b\u017eebn\u00ed \u010dinnosti plochy, kter\u00e9 jsou pak v\u00edcem\u00e9n\u011b nadlouho ponech\u00e1ny sv\u00e9mu osudu bez dal\u0161\u00edch z\u00e1sah\u016f. V mnohdy n\u00e1hodn\u011b vznikl\u00fdch kalu\u017e\u00edch a mal\u00fdch t\u016fn\u00edch nebo v prostoru \u00famysln\u011b zalo\u017een\u00fdch reten\u010dn\u00edch n\u00e1dr\u017e\u00ed se do\u010dasn\u011b nebo trvale shroma\u017e\u010fuje voda. Mezi t\u011bmito vodn\u00edmi prostory se nal\u00e9zaj\u00ed nezarostl\u00e9 nebo jen m\u00e1lo porostl\u00e9 p\u00edse\u010dn\u00e9 povrchy.<\/p>\n<p>Takov\u00e9to struktury jsou ozna\u010dov\u00e1ny jako pr\u016fkopnick\u00e1 m\u00edsta. Jsou na nich usazeny takzvan\u00e9 pr\u016fkopnick\u00e9 druhy, kter\u00e9 se mohou na t\u011bchto m\u00e1lo porostl\u00fdch \u017eivotn\u00edch prostorech zabydlet b\u011bhem velmi kr\u00e1tk\u00e9 doby, p\u0159esto\u017ee se tento \u017eivotn\u00ed prostor vyzna\u010duje mnoha extr\u00e9my: povrch se v l\u00e9t\u011b m\u016f\u017ee zah\u0159\u00e1t na velmi vysokou teplotu, p\u016fda je velmi chud\u00e1 na \u017eiviny a sk\u00fdt\u00e1 jen velmi m\u00e1lo mo\u017enost\u00ed \u00fakrytu.<\/p>\n<p>Pr\u016fkopnick\u00e1 m\u00edsta mohou b\u00fdt proto nejd\u0159\u00edve os\u00eddlena jen n\u011bkolika m\u00e1lo \u017eivo\u010di\u0161n\u00fdmi a rostlinn\u00fdmi \u201eodborn\u00edky\u201c, jejich\u017e zp\u016fsob \u017eivota je extr\u00e9mn\u00edm podm\u00ednk\u00e1m optim\u00e1ln\u011b p\u0159izp\u016fsoben. Tyto druhy obt\u00ed\u017en\u00e9 podm\u00ednky k \u017eivotu pot\u0159ebuj\u00ed, proto\u017ee na hust\u011b porostl\u00e9m povrchu by nemohly konkurovat jin\u00fdm druh\u016fm.<\/p>\n<p><span class=\"blue_bold\"><strong>Ropucha obecn\u00e1<\/strong><br \/>\n<\/span> Typick\u00fdm pr\u016fkopnick\u00fdm \u017eivo\u010dichem v dolech je ropucha obecn\u00e1, oboj\u017eiveln\u00edk figuruj\u00edc\u00ed na \u010derven\u00e9 listin\u011b Bavorska jako velmi ohro\u017een\u00fd druh. Klade sv\u016fj pot\u011br i do zcela nezarostl\u00fdch, nov\u011b vznikl\u00fdch vod. K rozmno\u017eov\u00e1n\u00ed vyu\u017e\u00edv\u00e1 i nepatrn\u00e9 kalu\u017ee na okraj\u00edch silnic. Ropucha obecn\u00e1 je d\u00edky sv\u00e9mu \u017eivotn\u00edmu stylu optim\u00e1ln\u011b p\u0159izp\u016fsobena pr\u016fkopnick\u00e9mu r\u00e1zu sv\u00e9ho \u017eivotn\u00edho prostoru i z jin\u00fdch hledisek. Hodn\u011b druh\u016f oboj\u017eiveln\u00edk\u016f je toti\u017e po cel\u00fd \u017eivot v\u00e1z\u00e1no na vody, v nich\u017e se narodili, kde\u017eto ropucha obecn\u00e1 je velmi pohybliv\u00e1, neklade sv\u00e1 vaj\u00ed\u010dka na stejn\u00e9 m\u00edsto, a tak je schopna b\u011bhem velmi kr\u00e1tk\u00e9 doby nal\u00e9zt a os\u00eddlit nov\u011b vznikl\u00e9 vodn\u00ed prostory.<\/p>\n<p>Krom\u011b toho \u017eije p\u0159edev\u0161\u00edm v noci a ve dne se zahrab\u00e1v\u00e1 do kypr\u00fdch substr\u00e1t\u016f kaol\u00ednov\u00fdch dol\u016f, a tud\u00ed\u017e nen\u00ed vystavena letn\u00edmu vedru. Kdyby byla ropucha aktivn\u00ed p\u0159es den, vyd\u00e1vala by se napospas nep\u0159\u00e1tel\u016fm, proto\u017ee \u017eivotn\u00ed prostor, kter\u00fd je vesm\u011bs bez porostu, by j\u00ed poskytoval jen malou ochranu.<\/p>\n<p>Jej\u00ed dal\u0161\u00ed p\u0159izp\u016fsoben\u00ed spo\u010d\u00edv\u00e1 v tom, \u017ee v\u00fdvojov\u00fd cyklus od vaj\u00ed\u010dka po ml\u00e1d\u011b, kter\u00e9 je schopno \u017e\u00edt mimo vodn\u00ed prost\u0159ed\u00ed, je pom\u011brn\u011b kr\u00e1tk\u00fd. A proto\u017ee vody, v nich\u017e \u017eije pot\u011br, jsou v\u011bt\u0161inou mal\u00e9 a m\u011blk\u00e9 a p\u0159ed ukon\u010den\u00edm tohoto v\u00fdvoje \u010dasto vysychaj\u00ed, kladou ropuchy po dal\u0161\u00edch sr\u00e1\u017ek\u00e1ch hned zase nov\u00e1 vaj\u00ed\u010dka.<\/p>\n<p>Na rozs\u00e1hl\u00fdch ploch\u00e1ch s takto uzp\u016fsoben\u00fdm \u017eivotn\u00edm prostorem m\u016f\u017ee b\u00fdt ropucha obecn\u00e1 ozna\u010dena jako sv\u00e9bytn\u00fd druh kaol\u00ednov\u00fdch dol\u016f na kopci Hirschau &#8211; Schnaittenbach.<\/p>\n<h6><img loading=\"lazy\" decoding=\"async\" class=\"alignnone wp-image-170\" src=\"https:\/\/www.geopark-kaolinrevier.de\/cz\/wp-content\/uploads\/sites\/3\/2018\/08\/b01.jpg\" alt=\"\" width=\"185\" height=\"200\" srcset=\"https:\/\/www.geopark-kaolinrevier.de\/cz\/wp-content\/uploads\/sites\/3\/2018\/08\/b01.jpg 503w, https:\/\/www.geopark-kaolinrevier.de\/cz\/wp-content\/uploads\/sites\/3\/2018\/08\/b01-277x300.jpg 277w\" sizes=\"auto, (max-width: 185px) 100vw, 185px\" \/> <img loading=\"lazy\" decoding=\"async\" class=\"alignnone wp-image-171\" src=\"https:\/\/www.geopark-kaolinrevier.de\/cz\/wp-content\/uploads\/sites\/3\/2018\/08\/b02.jpg\" alt=\"\" width=\"278\" height=\"200\" srcset=\"https:\/\/www.geopark-kaolinrevier.de\/cz\/wp-content\/uploads\/sites\/3\/2018\/08\/b02.jpg 757w, https:\/\/www.geopark-kaolinrevier.de\/cz\/wp-content\/uploads\/sites\/3\/2018\/08\/b02-300x216.jpg 300w\" sizes=\"auto, (max-width: 278px) 100vw, 278px\" \/><br \/>\n<span class=\"bu_green\"><span style=\"color: #29a63f;\">Larvy ropuchy<\/span> &amp; <span style=\"color: #29a63f;\">Ropucha obecn\u00e9<\/span><br \/>\n<\/span><\/h6>\n<p class=\"bu_black\"><span class=\"bu_blue\"><strong>Charakteristika ropuchy obecn\u00e9<\/strong><br \/>\n<\/span> <span class=\"bu_green\" style=\"color: #29a63f;\">Zbarven\u00ed a kresba: <\/span>na\u010dervenal\u00e1, \u017elutohn\u011bd\u00e1, \u0161ed\u00e1 nebo olivov\u011b zelen\u00e1; nejbezpe\u010dn\u011bj\u0161\u00edm znakem je s\u00edrov\u011b \u017elut\u00e1 a\u017e b\u011blav\u00e1 linka na z\u00e1dech; na spodn\u00ed stran\u011b je \u0161pinav\u011b b\u00edl\u00e1, na prsou a b\u0159i\u0161e m\u00e1 tmavo\u0161ed\u00e9 skvrny; nejv\u011bt\u0161\u00ed \u010d\u00e1st t\u011bla je pos\u00e1zena \u017el\u00e1zov\u00fdmi bradavkami; pulci jsou d\u00edky \u0161ed\u00e9 skvrn\u011b na krku nezam\u011bniteln\u00ed<\/p>\n<p class=\"bu_black\"><span class=\"bu_green\" style=\"color: #29a63f;\">Velikost: <\/span>ropucha obecn\u00e1 je nejmen\u0161\u00ed z dom\u00e1c\u00edch ropuch (d\u00e9lka trupu 5 &#8211; 6 cm);<br \/>\nextr\u00e9mn\u011b kr\u00e1tk\u00e9 zadn\u00ed kon\u010detiny dokl\u00e1daj\u00ed, jak se p\u0159izp\u016fsobila pohybu po sou\u0161i<\/p>\n<p class=\"bu_black\"><span class=\"bu_green\" style=\"color: #29a63f;\">\u017divotn\u00ed prostor: <\/span>ropucha je typick\u00fdm obyvatelem n\u00ed\u017ein; \u017eije na otev\u0159en\u00fdch ploch\u00e1ch s chudou nebo v\u016fbec \u017e\u00e1dnou vegetac\u00ed a s kypr\u00fdm substr\u00e1tem; mal\u00e9 m\u011blk\u00e9 vodn\u00ed plochy nebo kalu\u017ee bez porostu, kter\u00e9 v l\u00e9t\u011b v\u011bt\u0161inou vysychaj\u00ed;<\/p>\n<p class=\"bu_black\">Kladou vaj\u00ed\u010dka pozd\u011b (od za\u010d\u00e1tku do poloviny dubna); p\u0159ezimuje v 20-80 cm, n\u011bkdy a\u017e 180 cm hlubok\u00fdch chodb\u00e1ch v p\u00edse\u010dn\u00fdch slunn\u00fdch svaz\u00edch<\/p>\n<p class=\"bu_black\"><span class=\"bu_green\" style=\"color: #29a63f;\">Zvuky:<\/span> N\u00e1padn\u011b sk\u0159\u00edpav\u00e9 vol\u00e1n\u00ed na same\u010dky je sly\u0161et a\u017e do vzd\u00e1lenosti jednoho kilometru a p\u0159edstavuje nejhlasit\u011bj\u0161\u00ed zvuk mezi dom\u00e1c\u00edmi oboj\u017eiveln\u00edky<\/p>\n<p class=\"bu_black\"><span class=\"bu_green\" style=\"color: #29a63f;\">Ohro\u017een\u00ed a ochrana: <\/span>na \u010derven\u00e9 listin\u011b Bavorska je ozna\u010dena jako nejohro\u017een\u011bj\u0161\u00ed druh; ohro\u017euje ji ub\u00fdvaj\u00edc\u00ed \u017eivotn\u00ed prostor; p\u0159irozen\u00e9 zar\u016fst\u00e1n\u00ed krajiny p\u0159edstavuje jeden z hlavn\u00edch faktor\u016f jej\u00edho ohro\u017een\u00ed; proto mus\u00ed ropucha nach\u00e1zet st\u00e1le nov\u00e9 \u017eivotn\u00ed plochy bez vegetace, jak\u00e9 j\u00ed vytv\u00e1\u0159\u00ed pr\u00e1v\u011b postupuj\u00edc\u00ed t\u011b\u017eebn\u00ed \u010dinnost.<\/p>\n<p style=\"text-align: center;\"><a href=\"https:\/\/www.geopark-kaolinrevier.de\/cz\/station-2-stanice-mereni-spodni-vody\/\">&lt;&lt; Station 2<\/a> | <a href=\"https:\/\/www.geopark-kaolinrevier.de\/cz\/prumysl-stezka\/\">Zp\u011bt na\u00a0Pr\u016fmysl stezka<\/a> | <a href=\"https:\/\/www.geopark-kaolinrevier.de\/cz\/station-4-les-dobyvani-rudy-v-praveku-a-ranem-novoveku-a-zhutnovani-zeleza-ve-vychodnim-bavorsku\/\">Station 4\u00a0 &gt;&gt;<\/a><\/p>\n","protected":false},"excerpt":{"rendered":"<p>&lt;&lt; Station 2 | Zp\u011bt na\u00a0Pr\u016fmysl stezka | Station 4\u00a0 &gt;&gt; \u00a0 Renaturace mal\u00fdch vodn\u00edch tok\u016f Renaturac\u00ed je ch\u00e1p\u00e1na obnova p\u0159irozen\u00fdch p\u0159\u00edrodn\u00edch \u017eivotn\u00edch prostor\u016f. Rekultivac\u00ed se rozum\u00ed obnova \u00fazem\u00ed zni\u010den\u00e9ho &#8230;<\/p>\n","protected":false},"author":1,"featured_media":0,"parent":0,"menu_order":0,"comment_status":"closed","ping_status":"closed","template":"","meta":{"footnotes":""},"class_list":["post-124","page","type-page","status-publish","hentry"],"_links":{"self":[{"href":"https:\/\/www.geopark-kaolinrevier.de\/cz\/wp-json\/wp\/v2\/pages\/124","targetHints":{"allow":["GET"]}}],"collection":[{"href":"https:\/\/www.geopark-kaolinrevier.de\/cz\/wp-json\/wp\/v2\/pages"}],"about":[{"href":"https:\/\/www.geopark-kaolinrevier.de\/cz\/wp-json\/wp\/v2\/types\/page"}],"author":[{"embeddable":true,"href":"https:\/\/www.geopark-kaolinrevier.de\/cz\/wp-json\/wp\/v2\/users\/1"}],"replies":[{"embeddable":true,"href":"https:\/\/www.geopark-kaolinrevier.de\/cz\/wp-json\/wp\/v2\/comments?post=124"}],"version-history":[{"count":3,"href":"https:\/\/www.geopark-kaolinrevier.de\/cz\/wp-json\/wp\/v2\/pages\/124\/revisions"}],"predecessor-version":[{"id":172,"href":"https:\/\/www.geopark-kaolinrevier.de\/cz\/wp-json\/wp\/v2\/pages\/124\/revisions\/172"}],"wp:attachment":[{"href":"https:\/\/www.geopark-kaolinrevier.de\/cz\/wp-json\/wp\/v2\/media?parent=124"}],"curies":[{"name":"wp","href":"https:\/\/api.w.org\/{rel}","templated":true}]}}